{"id":80,"date":"2017-06-27T20:52:33","date_gmt":"2017-06-27T20:52:33","guid":{"rendered":"http:\/\/localhost\/autoconsumo\/?page_id=80"},"modified":"2024-09-09T19:09:39","modified_gmt":"2024-09-09T19:09:39","slug":"biogas","status":"publish","type":"page","link":"https:\/\/autoconsumo.minenergia.cl\/?page_id=80","title":{"rendered":"Biodigestor"},"content":{"rendered":"<p><!-- Inicio del bloque: Aspectos Generales --><\/p>\n<div style=\"background-color: #f0f0f0; padding: 10px; margin-bottom: 15px;\">\n<h2 style=\"color: #333; font-size: 18px; margin-top: 0;\">Aspectos Generales<\/h2>\n<p style=\"font-size: 14px; line-height: 1.5;\">El biog\u00e1s es un gas combustible que proviene de la descomposici\u00f3n de desechos org\u00e1nicos gracias al trabajo de bacterias que los utilizan para alimentarse. Como resultado de la descomposici\u00f3n que realizan las bacterias, se produce gas metano, que corresponde qu\u00edmicamente al mismo combustible que conocemos comercialmente como gas natural y un fertilizante org\u00e1nico llamado digestato. Todo este proceso ocurre en ausencia de ox\u00edgeno, generalmente en un equipo llamado reactor, biodigestor o digestor anaer\u00f3bico.<\/p>\n<p style=\"font-size: 14px; line-height: 1.5;\">Los desechos o residuos org\u00e1nicos que sirven para producir biog\u00e1s pueden ser de todo tipo, como esti\u00e9rcoles de animales, purines, basura org\u00e1nica vegetal y animal de mercados, mataderos, lodos de plantas de tratamiento de aguas servidas domiciliarias, residuos de cocina y procesos de transformaci\u00f3n alimentaria (suero de leche, industria vitivin\u00edcola, cervecera, etc.).<\/p>\n<p style=\"font-size: 14px; line-height: 1.5;\">Los componentes principales del biog\u00e1s son metano (CH4) y di\u00f3xido de carbono (CO2), con presencia menor de otros gases como nitr\u00f3geno, ox\u00edgeno, \u00e1cido sulfh\u00eddrico y otros. Mientras mayor sea la cantidad de metano, mayor ser\u00e1 el poder calor\u00edfico o el potencial energ\u00e9tico del biog\u00e1s.<\/p>\n<\/div>\n<p><!-- Fin del bloque: Aspectos Generales --><br \/>\n<!-- Inicio del bloque: Impacto Ambiental y Usos --><\/p>\n<div style=\"background-color: #e0f2f1; padding: 10px; margin-bottom: 15px;\">\n<h2 style=\"color: #00796b; font-size: 18px; margin-top: 0;\">Impacto Ambiental y Usos<\/h2>\n<p style=\"font-size: 14px; line-height: 1.5;\">El metano es un Gas de Efecto Invernadero (GEI) que tiene una alta incidencia en el calentamiento global (23 veces mayor al de una mol\u00e9cula de di\u00f3xido de carbono). Por lo tanto, capturar y utilizar directamente el biog\u00e1s para cocinar, calefaccionar o generar electricidad contribuye a mitigar el efecto invernadero derivado de la descomposici\u00f3n de los residuos.<\/p>\n<p style=\"font-size: 14px; line-height: 1.5;\">El biog\u00e1s se puede combustionar para generar electricidad y calor, o se puede purificar en un mayor grado para obtener biometano, un gas similar al gas natural y que tiene las mismas aplicaciones. El biometano se puede inyectar en las redes de distribuci\u00f3n de gas o se puede comprimir para ser usado como biocombustible en veh\u00edculos de transporte.<\/p>\n<\/div>\n<p><!-- Fin del bloque: Impacto Ambiental y Usos --><br \/>\n<!-- Inicio del bloque: Registro de Plantas de Biog\u00e1s --><\/p>\n<div style=\"background-color: #e1f5fe; padding: 10px; margin-bottom: 15px;\">\n<h2 style=\"color: #0277bd; font-size: 18px; margin-top: 0;\">Registro de Plantas de Biog\u00e1s<\/h2>\n<p style=\"font-size: 14px; line-height: 1.5;\">El registro de plantas de Biog\u00e1s es una base de datos elaborada y actualizada por la Superintendencia de Electricidad y Combustibles (SEC), de acuerdo con la Ley N\u00ba 20.999, de 2017. La SEC es el organismo responsable de establecer y mantener un registro de inscripci\u00f3n de las instalaciones relacionadas con biog\u00e1s.<\/p>\n<p style=\"font-size: 14px; line-height: 1.5;\">La Resoluci\u00f3n Exenta N\u00ba 22.337, de fecha 7 de febrero de 2018, de la SEC, establece el Procedimiento para el Registro y Cierre de Plantas de Biog\u00e1s.<\/p>\n<\/div>\n<p><!-- Fin del bloque: Registro de Plantas de Biog\u00e1s --><br \/>\n<!-- Inicio del bloque: Buscador de Normas de Bioenerg\u00eda --><\/p>\n<div style=\"background-color: #fff3e0; padding: 10px; margin-bottom: 15px;\">\n<h2 style=\"color: #e65100; font-size: 18px; margin-top: 0;\">Buscador de Normas de Bioenerg\u00eda<\/h2>\n<p style=\"font-size: 14px; line-height: 1.5;\">El Ministerio de Energ\u00eda ha elaborado un Buscador de Normas de Bioenerg\u00eda que contiene una sistematizaci\u00f3n del marco legal vigente para la bioenerg\u00eda, abordando la regulaci\u00f3n del combustible, las tecnolog\u00edas de generaci\u00f3n, los sistemas de transporte y distribuci\u00f3n, y otros aspectos como el tratamiento tributario.<\/p>\n<p style=\"font-size: 14px; line-height: 1.5;\">El buscador incorpora:<\/p>\n<ul style=\"list-style-type: disc; padding-left: 20px; margin: 0;\">\n<li>Marco legal aplicable al Biog\u00e1s, Biometano y subproductos<\/li>\n<li>Marco legal aplicable a la biomasa<\/li>\n<li>Marco legal aplicable a biocombustibles l\u00edquidos (etanol y biodiesel)<\/li>\n<\/ul>\n<p style=\"font-size: 12px; font-style: italic;\">Nota: El buscador no incorpora el marco legal relativo a la tramitaci\u00f3n ambiental de los proyectos.<\/p>\n<\/div>\n<p><!-- Fin del bloque: Buscador de Normas de Bioenerg\u00eda --><br \/>\n<!-- Inicio del bloque: Claves de un Biodigestor --><\/p>\n<div style=\"background-color: #e8eaf6; padding: 10px; margin-bottom: 15px;\">\n<h2 style=\"color: #3f51b5; font-size: 18px; margin-top: 0;\">Claves de un Biodigestor<\/h2>\n<ul style=\"list-style-type: disc; padding-left: 20px; margin: 0;\">\n<li>Tecnolog\u00eda consolidada en el mundo, y en desarrollo en Chile.<\/li>\n<li>El prop\u00f3sito principal es ambiental y sanitario, debido a que los biodigestores tratan residuos.<\/li>\n<li>Se dise\u00f1an a medida, seg\u00fan el tipo y cantidad de residuos org\u00e1nicos disponibles para degradar.<\/li>\n<li>La operaci\u00f3n necesita personal capacitado.<\/li>\n<li>Debe acogerse al nuevo Reglamento de Seguridad de Instalaciones de Biog\u00e1s.<\/li>\n<\/ul>\n<\/div>\n<p><!-- Fin del bloque: Claves de un Biodigestor --><br \/>\n<!-- Inicio del bloque: Aplicaciones --><\/p>\n<div style=\"background-color: #e8f5e9; padding: 10px;\">\n<h2 style=\"color: #2e7d32; font-size: 18px; margin-top: 0;\">Aplicaciones<\/h2>\n<ul style=\"list-style-type: disc; padding-left: 20px; margin: 0;\">\n<li>Autoconsumo de energ\u00eda t\u00e9rmica para agua caliente sanitaria, cocci\u00f3n, calefacci\u00f3n y calor de proceso, entre otros.<\/li>\n<li>Inyecci\u00f3n de biometano a red de gas natural.<\/li>\n<li>Uso como combustible vehicular.<\/li>\n<li>Sistemas con generadores a gas para autoconsumo de energ\u00eda el\u00e9ctrica y en cogeneraci\u00f3n (a mediana y gran escala).<\/li>\n<li>Dar acceso a energ\u00eda t\u00e9rmica y el\u00e9ctrica en zonas aisladas (con residuos org\u00e1nicos disponibles).<\/li>\n<li>Posibilidad de vender los excedentes de electricidad generada a la red de distribuci\u00f3n.<\/li>\n<\/ul>\n<\/div>\n<p><!-- Fin del bloque: Aplicaciones --><\/p>\n","protected":false},"excerpt":{"rendered":"<p>Aspectos Generales El biog\u00e1s es un gas combustible que proviene de la descomposici\u00f3n de desechos org\u00e1nicos gracias al trabajo de bacterias que los utilizan para alimentarse. Como resultado de la descomposici\u00f3n que realizan las bacterias, se produce gas metano, que corresponde qu\u00edmicamente al mismo combustible que conocemos comercialmente como gas natural y un fertilizante org\u00e1nico [&hellip;]<\/p>\n","protected":false},"author":3,"featured_media":0,"parent":66,"menu_order":0,"comment_status":"closed","ping_status":"closed","template":"","meta":{"footnotes":""},"class_list":["post-80","page","type-page","status-publish","hentry"],"_links":{"self":[{"href":"https:\/\/autoconsumo.minenergia.cl\/index.php?rest_route=\/wp\/v2\/pages\/80","targetHints":{"allow":["GET"]}}],"collection":[{"href":"https:\/\/autoconsumo.minenergia.cl\/index.php?rest_route=\/wp\/v2\/pages"}],"about":[{"href":"https:\/\/autoconsumo.minenergia.cl\/index.php?rest_route=\/wp\/v2\/types\/page"}],"author":[{"embeddable":true,"href":"https:\/\/autoconsumo.minenergia.cl\/index.php?rest_route=\/wp\/v2\/users\/3"}],"replies":[{"embeddable":true,"href":"https:\/\/autoconsumo.minenergia.cl\/index.php?rest_route=%2Fwp%2Fv2%2Fcomments&post=80"}],"version-history":[{"count":3,"href":"https:\/\/autoconsumo.minenergia.cl\/index.php?rest_route=\/wp\/v2\/pages\/80\/revisions"}],"predecessor-version":[{"id":3070,"href":"https:\/\/autoconsumo.minenergia.cl\/index.php?rest_route=\/wp\/v2\/pages\/80\/revisions\/3070"}],"up":[{"embeddable":true,"href":"https:\/\/autoconsumo.minenergia.cl\/index.php?rest_route=\/wp\/v2\/pages\/66"}],"wp:attachment":[{"href":"https:\/\/autoconsumo.minenergia.cl\/index.php?rest_route=%2Fwp%2Fv2%2Fmedia&parent=80"}],"curies":[{"name":"wp","href":"https:\/\/api.w.org\/{rel}","templated":true}]}}