{"id":812,"date":"2017-10-04T14:40:21","date_gmt":"2017-10-04T14:40:21","guid":{"rendered":"http:\/\/localhost\/autoconsumo\/?page_id=812"},"modified":"2018-05-23T20:59:16","modified_gmt":"2018-05-23T20:59:16","slug":"pasos-para-implementar-un-sfv","status":"publish","type":"page","link":"https:\/\/autoconsumo.minenergia.cl\/?page_id=812","title":{"rendered":"Pasos para implementar un Sistema Solar Fotovoltaico"},"content":{"rendered":"<p>Los pasos clave para dimensionar e implementar un sistema fotovoltaico conectado a la red son:<\/p>\n<ol>\n<li>Identificar el consumo de electricidad en cada uno de los meses del a\u00f1o.<\/li>\n<li>Identificar un \u00e1rea disponible (techo, patio, estacionamiento) para instalar un sistema fotovoltaico. Recordar evitar sombras.<\/li>\n<li>Estimar el tama\u00f1o del sistema fotovoltaico que se podr\u00eda instalar, es la capacidad m\u00e1xima seg\u00fan el espacio disponible. Recordar que por cada kWp se necesitan aproximadamente 10 m<sup>2 <\/sup>de superficie.<\/li>\n<li>Calcular la generaci\u00f3n anual del sistema fotovoltaico utilizando el <a href=\"http:\/\/www.minenergia.cl\/exploradorsolar\/\" target=\"_blank\" rel=\"noopener noreferrer\">Explorador Solar<\/a>\u00a0del Ministerio de Energ\u00eda (revisar el tutorial <a href=\"http:\/\/www.minenergia.cl\/exploradorsolar\">aqu\u00ed<\/a>)\u00a0y compararla con el consumo el\u00e9ctrico. Redefine el tama\u00f1o de tu sistema fotovoltaico de manera de ajustarlo a tus necesidades de consumo.<\/li>\n<li>Escoger la opci\u00f3n de financiamiento de acuerdo a la capacidad de inversi\u00f3n (capital propio, cr\u00e9dito comercial o leasing, ESCO).<\/li>\n<li>Cotizar con al menos tres empresas especializadas.<\/li>\n<li>Con la informaci\u00f3n de las cotizaciones, utilizar la Calculadora del Explorador Solar, para calcular el ahorro generado y el retorno de la inversi\u00f3n del sistema. Ingresa al Explorador Solar <a href=\"http:\/\/www.minenergia.cl\/exploradorsolar\/\">aqu\u00ed<\/a>, y luego ingresa a la herramienta para Calcular el ahorro en la cuenta de luz.<\/li>\n<\/ol>\n<p>&nbsp;<\/p>\n<p><a href=\"http:\/\/www.minenergia.cl\/exploradorsolar\/\" target=\"_blank\" rel=\"noopener noreferrer\"><img loading=\"lazy\" decoding=\"async\" class=\"wp-image-1523 alignleft\" src=\"https:\/\/autoconsumo.minenergia.cl\/wp-content\/uploads\/2017\/10\/banner-calculadora-solar.png\" alt=\"\" width=\"219\" height=\"97\" srcset=\"https:\/\/autoconsumo.minenergia.cl\/wp-content\/uploads\/2017\/10\/banner-calculadora-solar.png 347w, https:\/\/autoconsumo.minenergia.cl\/wp-content\/uploads\/2017\/10\/banner-calculadora-solar-300x133.png 300w\" sizes=\"auto, (max-width: 219px) 100vw, 219px\" \/><\/a><\/p>\n<p>&nbsp;<\/p>\n<p>&nbsp;<\/p>\n<p>&nbsp;<\/p>\n","protected":false},"excerpt":{"rendered":"<p>Los pasos clave para dimensionar e implementar un sistema fotovoltaico conectado a la red son: Identificar el consumo de electricidad en cada uno de los meses del a\u00f1o. Identificar un \u00e1rea disponible (techo, patio, estacionamiento) para instalar un sistema fotovoltaico. Recordar evitar sombras. Estimar el tama\u00f1o del sistema fotovoltaico que se podr\u00eda instalar, es la [&hellip;]<\/p>\n","protected":false},"author":3,"featured_media":0,"parent":0,"menu_order":0,"comment_status":"closed","ping_status":"closed","template":"","meta":{"footnotes":""},"class_list":["post-812","page","type-page","status-publish","hentry"],"_links":{"self":[{"href":"https:\/\/autoconsumo.minenergia.cl\/index.php?rest_route=\/wp\/v2\/pages\/812","targetHints":{"allow":["GET"]}}],"collection":[{"href":"https:\/\/autoconsumo.minenergia.cl\/index.php?rest_route=\/wp\/v2\/pages"}],"about":[{"href":"https:\/\/autoconsumo.minenergia.cl\/index.php?rest_route=\/wp\/v2\/types\/page"}],"author":[{"embeddable":true,"href":"https:\/\/autoconsumo.minenergia.cl\/index.php?rest_route=\/wp\/v2\/users\/3"}],"replies":[{"embeddable":true,"href":"https:\/\/autoconsumo.minenergia.cl\/index.php?rest_route=%2Fwp%2Fv2%2Fcomments&post=812"}],"version-history":[{"count":19,"href":"https:\/\/autoconsumo.minenergia.cl\/index.php?rest_route=\/wp\/v2\/pages\/812\/revisions"}],"predecessor-version":[{"id":2081,"href":"https:\/\/autoconsumo.minenergia.cl\/index.php?rest_route=\/wp\/v2\/pages\/812\/revisions\/2081"}],"wp:attachment":[{"href":"https:\/\/autoconsumo.minenergia.cl\/index.php?rest_route=%2Fwp%2Fv2%2Fmedia&parent=812"}],"curies":[{"name":"wp","href":"https:\/\/api.w.org\/{rel}","templated":true}]}}