{"id":848,"date":"2017-10-10T17:23:09","date_gmt":"2017-10-10T17:23:09","guid":{"rendered":"http:\/\/localhost\/autoconsumo\/?page_id=848"},"modified":"2018-01-24T15:51:04","modified_gmt":"2018-01-24T15:51:04","slug":"aspectos-generales","status":"publish","type":"page","link":"https:\/\/autoconsumo.minenergia.cl\/?page_id=848","title":{"rendered":"Aspectos Generales"},"content":{"rendered":"<div class=\"videoYoutube\" style=\"text-align: center;\"><iframe loading=\"lazy\" src=\"https:\/\/www.youtube.com\/embed\/bTEj1h3il48?rel=0\" width=\"480\" height=\"300\" frameborder=\"0\" allowfullscreen=\"allowfullscreen\"><\/iframe><\/div>\n<div class=\"row\">\n<div class=\"col-md-8 col-md-offset-2\">\n<ul class=\"list-group\">\n<li class=\"list-group-item list-group-item-success\">\n<h3>Claves de las microhidro<\/h3>\n<ul>\n<li>Tecnolog\u00eda de larga data, con gran potencial en Chile.<\/li>\n<li>Requiere de tres elementos b\u00e1sicos: carga bruta, caudal relativamente constante y una turbina.<\/li>\n<li>Es un sistema relativamente sencillo de operar.<\/li>\n<li>Observa buenos rendimientos (factor de planta).<\/li>\n<li>Es adaptable a obras de riego ya existentes.<\/li>\n<\/ul>\n<\/li>\n<\/ul>\n<\/div>\n<\/div>\n<p><!-- Separaci\u00f3n!!! --><\/p>\n<div class=\"row\">\n<div class=\"col-md-8 col-md-offset-2\">\n<ul class=\"list-group\">\n<li class=\"list-group-item list-group-item-info\">\n<h3>Aplicaciones<\/h3>\n<ul class=\"list-group\">\n<li>Autoconsumo de energ\u00eda el\u00e9ctrica a peque\u00f1a escala para iluminaci\u00f3n, climatizaci\u00f3n, entre otros.<\/li>\n<li>Dar acceso a energ\u00eda el\u00e9ctrica en zonas aisladas.<\/li>\n<li>Posibilidad de vender los excedentes de electricidad generada a la red de distribuci\u00f3n.<\/li>\n<\/ul>\n<\/li>\n<\/ul>\n<\/div>\n<\/div>\n<p>La energ\u00eda hidr\u00e1ulica es un tipo de energ\u00eda renovable que utiliza agua para generar energ\u00eda el\u00e9ctrica. El paso de un volumen de agua desde una cota superior a una cota inferior se traduce en la p\u00e9rdida de energ\u00eda potencial. Esta energ\u00eda se convierte primero en energ\u00eda mec\u00e1nica en una turbina y luego en energ\u00eda el\u00e9ctrica por medio de un generador el\u00e9ctrico (CNR-CNE, 2008).<\/p>\n<p>En t\u00e9rminos generales, mientras mayor sea el caudal (cantidad de agua) y mayor sea la altura o desnivel con respecto al punto de devoluci\u00f3n del caudal, mayor ser\u00e1 la energ\u00eda que podr\u00e1 generar una central hidroel\u00e9ctrica.<\/p>\n<p>La potencia de una central hidroel\u00e9ctrica se mide en kW o MW y la energ\u00eda generada en kWh, MWh o GWh. En el caso de las micro hidro la potencia tiene magnitudes de hasta 100 kW.<\/p>\n<h3>Principales componentes<\/h3>\n<p>Las figuras siguientes muestran un emplazamiento t\u00edpico de central de pasada con sus componentes principales.<\/p>\n<p><img loading=\"lazy\" decoding=\"async\" class=\"wp-image-849 alignnone\" src=\"https:\/\/autoconsumo.minenergia.cl\/wp-content\/uploads\/2017\/10\/central-de-pasada.png\" alt=\"\" width=\"518\" height=\"343\" srcset=\"https:\/\/autoconsumo.minenergia.cl\/wp-content\/uploads\/2017\/10\/central-de-pasada.png 835w, https:\/\/autoconsumo.minenergia.cl\/wp-content\/uploads\/2017\/10\/central-de-pasada-300x199.png 300w, https:\/\/autoconsumo.minenergia.cl\/wp-content\/uploads\/2017\/10\/central-de-pasada-768x509.png 768w, https:\/\/autoconsumo.minenergia.cl\/wp-content\/uploads\/2017\/10\/central-de-pasada-660x437.png 660w\" sizes=\"auto, (max-width: 518px) 100vw, 518px\" \/><\/p>\n<p><img loading=\"lazy\" decoding=\"async\" class=\"alignnone wp-image-850\" src=\"https:\/\/autoconsumo.minenergia.cl\/wp-content\/uploads\/2017\/10\/Componentes-de-una-central-microhidro.jpg\" alt=\"\" width=\"511\" height=\"326\" srcset=\"https:\/\/autoconsumo.minenergia.cl\/wp-content\/uploads\/2017\/10\/Componentes-de-una-central-microhidro.jpg 877w, https:\/\/autoconsumo.minenergia.cl\/wp-content\/uploads\/2017\/10\/Componentes-de-una-central-microhidro-300x192.jpg 300w, https:\/\/autoconsumo.minenergia.cl\/wp-content\/uploads\/2017\/10\/Componentes-de-una-central-microhidro-768x490.jpg 768w, https:\/\/autoconsumo.minenergia.cl\/wp-content\/uploads\/2017\/10\/Componentes-de-una-central-microhidro-660x421.jpg 660w\" sizes=\"auto, (max-width: 511px) 100vw, 511px\" \/><br \/>\n<span style=\"font-size: 10pt;\"><strong>Figuras: Componentes de una central microhidro.<br \/>\n<\/strong><strong>Fuente: Enertec SpA, 2016.<\/strong><\/span><\/p>\n<p>Los componentes de una central hidroel\u00e9ctrica corresponden a las obras civiles asociadas (bocatoma, desarenador, desripiador, canal de aducci\u00f3n, c\u00e1mara de carga, tuber\u00eda de presi\u00f3n, casa de m\u00e1quinas, canal de restituci\u00f3n), el equipamiento electromec\u00e1nico (turbina, generador, regulador, v\u00e1lvulas, tableros de fuerza y control) y el sistema el\u00e9ctrico (transformadores, l\u00edneas de sub-transmisi\u00f3n, redes de distribuci\u00f3n) (Gho, 2015).<\/p>\n<p>En la casa de m\u00e1quinas se encontrar\u00e1 la turbina y el generador.<\/p>\n<p>Un documento recomendado para la implementaci\u00f3n de proyectos de este tipo es la \u201cGu\u00eda para el desarrollo de una peque\u00f1a central hidroel\u00e9ctrica\u201d de la Uni\u00f3n Europea. Descargue el documento <a href=\"http:\/\/www.cnr.gob.cl\/Home\/Documentacin%20Complementaria\/GUIA_Layman_ESHA_PCH.pdf\" target=\"_blank\" rel=\"noopener noreferrer\">aqu\u00ed<\/a>.<\/p>\n","protected":false},"excerpt":{"rendered":"<p>Claves de las microhidro Tecnolog\u00eda de larga data, con gran potencial en Chile. Requiere de tres elementos b\u00e1sicos: carga bruta, caudal relativamente constante y una turbina. Es un sistema relativamente sencillo de operar. Observa buenos rendimientos (factor de planta). Es adaptable a obras de riego ya existentes. Aplicaciones Autoconsumo de energ\u00eda el\u00e9ctrica a peque\u00f1a escala [&hellip;]<\/p>\n","protected":false},"author":3,"featured_media":0,"parent":74,"menu_order":0,"comment_status":"closed","ping_status":"closed","template":"","meta":{"footnotes":""},"class_list":["post-848","page","type-page","status-publish","hentry"],"_links":{"self":[{"href":"https:\/\/autoconsumo.minenergia.cl\/index.php?rest_route=\/wp\/v2\/pages\/848","targetHints":{"allow":["GET"]}}],"collection":[{"href":"https:\/\/autoconsumo.minenergia.cl\/index.php?rest_route=\/wp\/v2\/pages"}],"about":[{"href":"https:\/\/autoconsumo.minenergia.cl\/index.php?rest_route=\/wp\/v2\/types\/page"}],"author":[{"embeddable":true,"href":"https:\/\/autoconsumo.minenergia.cl\/index.php?rest_route=\/wp\/v2\/users\/3"}],"replies":[{"embeddable":true,"href":"https:\/\/autoconsumo.minenergia.cl\/index.php?rest_route=%2Fwp%2Fv2%2Fcomments&post=848"}],"version-history":[{"count":13,"href":"https:\/\/autoconsumo.minenergia.cl\/index.php?rest_route=\/wp\/v2\/pages\/848\/revisions"}],"predecessor-version":[{"id":1800,"href":"https:\/\/autoconsumo.minenergia.cl\/index.php?rest_route=\/wp\/v2\/pages\/848\/revisions\/1800"}],"up":[{"embeddable":true,"href":"https:\/\/autoconsumo.minenergia.cl\/index.php?rest_route=\/wp\/v2\/pages\/74"}],"wp:attachment":[{"href":"https:\/\/autoconsumo.minenergia.cl\/index.php?rest_route=%2Fwp%2Fv2%2Fmedia&parent=848"}],"curies":[{"name":"wp","href":"https:\/\/api.w.org\/{rel}","templated":true}]}}