{"id":853,"date":"2017-10-10T17:51:35","date_gmt":"2017-10-10T17:51:35","guid":{"rendered":"http:\/\/localhost\/autoconsumo\/?page_id=853"},"modified":"2017-12-27T18:27:08","modified_gmt":"2017-12-27T18:27:08","slug":"pequenas-centrales-hidroelectricas","status":"publish","type":"page","link":"https:\/\/autoconsumo.minenergia.cl\/?page_id=853","title":{"rendered":"Tipos de Centrales Hidroel\u00e9ctricas"},"content":{"rendered":"<p>De acuerdo a la legislaci\u00f3n vigente y a trav\u00e9s de la Ley 20.257, que introdujo modificaciones a la Ley General de Servicios El\u00e9ctricos respecto de la generaci\u00f3n de energ\u00eda el\u00e9ctrica con fuentes de energ\u00edas renovables no convencionales, se estableci\u00f3 para la energ\u00eda hidr\u00e1ulica el l\u00edmite de potencia m\u00e1xima inferior a 20 MW, la cual ha sido denominada como peque\u00f1as centrales hidroel\u00e9ctricas<\/p>\n<p><strong>Microhidros y Picohidros<\/strong><\/p>\n<p>Mediante Resoluci\u00f3n Exenta N\u00ba 17951, del 23 de marzo de 2017, de la Superintendencia de Electricidad y Combustibles, que regula el dise\u00f1o y ejecuci\u00f3n de las instalaciones de centrales hidroel\u00e9ctricas conectadas a la red de distribuci\u00f3n, se\u00f1al\u00f3 que los sistemas hidroel\u00e9ctricos de potencias menores o iguales a 100kW, se clasifican seg\u00fan la siguiente forma: microhidro cuyas potencias (P) se encuentran en el rango de 5kW&lt;P&lt;100kW y picohidros en el rango de potencias menores a 5kW.<\/p>\n<p>Por otra parte, los Concursos de la Ley de Fomento al Riego y Drenaje, mediante la Ley 18,450, denomin\u00f3 a las centrales microhidros, a aquellas cuya capacidad instalada inferior a 100kW, son utilizadas para autoconsumo y conectadas a red de distribuci\u00f3n, conforma a la Ley 20.571 de Generaci\u00f3n Distribuida.<\/p>\n<h4><strong>Video Microcentral\u00a0 Hidroel\u00e9ctrica Dosal<\/strong><\/h4>\n<div style=\"width: 720px;\" class=\"wp-video\"><!--[if lt IE 9]><script>document.createElement('video');<\/script><![endif]-->\n<video class=\"wp-video-shortcode\" id=\"video-853-1\" width=\"720\" height=\"480\" preload=\"metadata\" controls=\"controls\"><source type=\"video\/mp4\" src=\"https:\/\/autoconsumo.minenergia.cl\/wp-content\/uploads\/2017\/10\/8.-Microcentral-Dosal.mp4?_=1\" \/><a href=\"https:\/\/autoconsumo.minenergia.cl\/wp-content\/uploads\/2017\/10\/8.-Microcentral-Dosal.mp4\">https:\/\/autoconsumo.minenergia.cl\/wp-content\/uploads\/2017\/10\/8.-Microcentral-Dosal.mp4<\/a><\/video><\/div>\n<p>M\u00e1s informaci\u00f3n <a href=\"https:\/\/autoconsumo.minenergia.cl\/?proyect_autoconsumo=microcentral-hidroelectrica-dosal\">aqu\u00ed.\u00a0<\/a><\/p>\n<h4><strong>Video Microcentral Hidroel\u00e9ctrica\u00a0 Menentu\u00e9<\/strong><\/h4>\n<div style=\"width: 720px;\" class=\"wp-video\"><video class=\"wp-video-shortcode\" id=\"video-853-2\" width=\"720\" height=\"480\" preload=\"metadata\" controls=\"controls\"><source type=\"video\/mp4\" src=\"https:\/\/autoconsumo.minenergia.cl\/wp-content\/uploads\/2017\/10\/9.-Microcentral-Meneteue.m4v?_=2\" \/><a href=\"https:\/\/autoconsumo.minenergia.cl\/wp-content\/uploads\/2017\/10\/9.-Microcentral-Meneteue.m4v\">https:\/\/autoconsumo.minenergia.cl\/wp-content\/uploads\/2017\/10\/9.-Microcentral-Meneteue.m4v<\/a><\/video><\/div>\n<p>M\u00e1s informaci\u00f3n\u00a0<a href=\"https:\/\/autoconsumo.minenergia.cl\/?proyect_autoconsumo=microcentral-hidroelectrica-menentue\">aqu\u00ed.\u00a0<\/a><\/p>\n<div class=\"row\"><\/div>\n<div class=\"row\"><\/div>\n","protected":false},"excerpt":{"rendered":"<p>De acuerdo a la legislaci\u00f3n vigente y a trav\u00e9s de la Ley 20.257, que introdujo modificaciones a la Ley General de Servicios El\u00e9ctricos respecto de la generaci\u00f3n de energ\u00eda el\u00e9ctrica con fuentes de energ\u00edas renovables no convencionales, se estableci\u00f3 para la energ\u00eda hidr\u00e1ulica el l\u00edmite de potencia m\u00e1xima inferior a 20 MW, la cual ha [&hellip;]<\/p>\n","protected":false},"author":3,"featured_media":0,"parent":74,"menu_order":0,"comment_status":"closed","ping_status":"closed","template":"","meta":{"footnotes":""},"class_list":["post-853","page","type-page","status-publish","hentry"],"_links":{"self":[{"href":"https:\/\/autoconsumo.minenergia.cl\/index.php?rest_route=\/wp\/v2\/pages\/853","targetHints":{"allow":["GET"]}}],"collection":[{"href":"https:\/\/autoconsumo.minenergia.cl\/index.php?rest_route=\/wp\/v2\/pages"}],"about":[{"href":"https:\/\/autoconsumo.minenergia.cl\/index.php?rest_route=\/wp\/v2\/types\/page"}],"author":[{"embeddable":true,"href":"https:\/\/autoconsumo.minenergia.cl\/index.php?rest_route=\/wp\/v2\/users\/3"}],"replies":[{"embeddable":true,"href":"https:\/\/autoconsumo.minenergia.cl\/index.php?rest_route=%2Fwp%2Fv2%2Fcomments&post=853"}],"version-history":[{"count":15,"href":"https:\/\/autoconsumo.minenergia.cl\/index.php?rest_route=\/wp\/v2\/pages\/853\/revisions"}],"predecessor-version":[{"id":1590,"href":"https:\/\/autoconsumo.minenergia.cl\/index.php?rest_route=\/wp\/v2\/pages\/853\/revisions\/1590"}],"up":[{"embeddable":true,"href":"https:\/\/autoconsumo.minenergia.cl\/index.php?rest_route=\/wp\/v2\/pages\/74"}],"wp:attachment":[{"href":"https:\/\/autoconsumo.minenergia.cl\/index.php?rest_route=%2Fwp%2Fv2%2Fmedia&parent=853"}],"curies":[{"name":"wp","href":"https:\/\/api.w.org\/{rel}","templated":true}]}}