{"id":886,"date":"2017-10-11T20:25:46","date_gmt":"2017-10-11T20:25:46","guid":{"rendered":"http:\/\/localhost\/autoconsumo\/?page_id=886"},"modified":"2018-07-13T12:43:23","modified_gmt":"2018-07-13T12:43:23","slug":"sello-de-energias-renovables","status":"publish","type":"page","link":"https:\/\/autoconsumo.minenergia.cl\/?page_id=886","title":{"rendered":"Sello de Energ\u00edas Renovables"},"content":{"rendered":"<p><img loading=\"lazy\" decoding=\"async\" class=\"alignnone wp-image-887\" src=\"https:\/\/autoconsumo.minenergia.cl\/wp-content\/uploads\/2017\/10\/sello.png\" alt=\"\" width=\"386\" height=\"464\" srcset=\"https:\/\/autoconsumo.minenergia.cl\/wp-content\/uploads\/2017\/10\/sello.png 646w, https:\/\/autoconsumo.minenergia.cl\/wp-content\/uploads\/2017\/10\/sello-249x300.png 249w\" sizes=\"auto, (max-width: 386px) 100vw, 386px\" \/><\/p>\n<p>El Sello de Energ\u00edas Renovables, es una iniciativa del Ministerio de Energ\u00eda y la Superintendencia de Electricidad y Combustibles.\u00a0Tiene por objetivo identificar aquellas instalaciones que generan su propia energ\u00eda a trav\u00e9s de medios de generaci\u00f3n renovable no convencional y venden sus excedentes bajo la Ley de Generaci\u00f3n Distribuida (Ley 20.571).<\/p>\n<p>El Sello de Energ\u00edas Renovables busca promover la generaci\u00f3n de energ\u00eda limpia para el autoconsumo. Es un reconocimiento a quienes realizan autoconsumo de energ\u00eda renovable, es decir, un reconocimiento a aquellos que consumen la electricidad que generan en su propiedad, con el fin de abastecer sus procesos productivos o servicios propios del giro de su empresa o las necesidades domiciliarias de una familia, y que en caso de contar con excedentes, los inyectan a la red de distribuci\u00f3n.<\/p>\n<p>Este sello adem\u00e1s de indicar que la instalaci\u00f3n ejecutada cumple con la normativa vigente, permite conocer de forma f\u00e1cil e inmediata los antecedentes t\u00e9cnicos de la instalaci\u00f3n fotovoltaica, tales como: Marca y modelo de inversores y paneles, la potencia instalada, los datos de contacto del instalador responsable de la ejecuci\u00f3n del proyecto y la ubicaci\u00f3n de la instalaci\u00f3n.<\/p>\n<p>Con la informaci\u00f3n del folio de inscripci\u00f3n SEC y el c\u00f3digo de verificaci\u00f3n del TE-4 inscrita en el Sello ER, se podr\u00e1 ingresar a <a href=\"http:\/\/www.sec.cl\/verificador\">www.sec.cl\/verificador<\/a> para obtener informaci\u00f3n de la unidad de generaci\u00f3n renovable.<\/p>\n<h4>Descargar<a href=\"http:\/\/www.sec.cl\/pls\/portal\/docs\/PAGE\/SECNORMATIVA\/ELECTRICIDAD_NET_METERING\/INSTRUCTIVO_EXPLICATIVO_SELLO_ER.PDF\"> Instructivo Explicativo para la Aplicaci\u00f3n del Sello de Energ\u00eda Renovable.<\/a><\/h4>\n<h4>Ingresar al <a href=\"http:\/\/www.sec.cl\/verificador\">Verificador de las Instalaciones Solares Fotovoltaicas<\/a><\/h4>\n<p>&nbsp;<\/p>\n","protected":false},"excerpt":{"rendered":"<p>El Sello de Energ\u00edas Renovables, es una iniciativa del Ministerio de Energ\u00eda y la Superintendencia de Electricidad y Combustibles.\u00a0Tiene por objetivo identificar aquellas instalaciones que generan su propia energ\u00eda a trav\u00e9s de medios de generaci\u00f3n renovable no convencional y venden sus excedentes bajo la Ley de Generaci\u00f3n Distribuida (Ley 20.571). El Sello de Energ\u00edas Renovables [&hellip;]<\/p>\n","protected":false},"author":3,"featured_media":0,"parent":625,"menu_order":0,"comment_status":"closed","ping_status":"closed","template":"","meta":{"footnotes":""},"class_list":["post-886","page","type-page","status-publish","hentry"],"_links":{"self":[{"href":"https:\/\/autoconsumo.minenergia.cl\/index.php?rest_route=\/wp\/v2\/pages\/886","targetHints":{"allow":["GET"]}}],"collection":[{"href":"https:\/\/autoconsumo.minenergia.cl\/index.php?rest_route=\/wp\/v2\/pages"}],"about":[{"href":"https:\/\/autoconsumo.minenergia.cl\/index.php?rest_route=\/wp\/v2\/types\/page"}],"author":[{"embeddable":true,"href":"https:\/\/autoconsumo.minenergia.cl\/index.php?rest_route=\/wp\/v2\/users\/3"}],"replies":[{"embeddable":true,"href":"https:\/\/autoconsumo.minenergia.cl\/index.php?rest_route=%2Fwp%2Fv2%2Fcomments&post=886"}],"version-history":[{"count":7,"href":"https:\/\/autoconsumo.minenergia.cl\/index.php?rest_route=\/wp\/v2\/pages\/886\/revisions"}],"predecessor-version":[{"id":2444,"href":"https:\/\/autoconsumo.minenergia.cl\/index.php?rest_route=\/wp\/v2\/pages\/886\/revisions\/2444"}],"up":[{"embeddable":true,"href":"https:\/\/autoconsumo.minenergia.cl\/index.php?rest_route=\/wp\/v2\/pages\/625"}],"wp:attachment":[{"href":"https:\/\/autoconsumo.minenergia.cl\/index.php?rest_route=%2Fwp%2Fv2%2Fmedia&parent=886"}],"curies":[{"name":"wp","href":"https:\/\/api.w.org\/{rel}","templated":true}]}}