{"id":892,"date":"2017-10-12T13:18:32","date_gmt":"2017-10-12T13:18:32","guid":{"rendered":"http:\/\/localhost\/autoconsumo\/?page_id=892"},"modified":"2018-01-24T15:49:02","modified_gmt":"2018-01-24T15:49:02","slug":"aspectos-generales","status":"publish","type":"page","link":"https:\/\/autoconsumo.minenergia.cl\/?page_id=892","title":{"rendered":"Aspectos Generales"},"content":{"rendered":"<p><!--\n\n\n<div class=\"row\">\n\n\n<div class=\"col-md-8 col-md-offset-2\"><iframe loading=\"lazy\" id=\"minihidro\" src=\"https:\/\/www.youtube.com\/embed\/GRU5t1DsCy0?enablejsapi=1\" width=\"560\" height=\"315\" frameborder=\"0\" allowfullscreen=\"allowfullscreen\"><\/iframe><\/div>\n\n\n<\/div>\n\n\n--><\/p>\n<div class=\"row\">\n<div class=\"col-md-8 col-md-offset-2\">\n<p><iframe loading=\"lazy\" title=\"Conoce Tu Energ\u00eda - Energ\u00eda E\u00f3lica\" width=\"500\" height=\"281\" src=\"https:\/\/www.youtube.com\/embed\/cFrVgHGVZvw?feature=oembed\" frameborder=\"0\" allow=\"accelerometer; autoplay; clipboard-write; encrypted-media; gyroscope; picture-in-picture; web-share\" referrerpolicy=\"strict-origin-when-cross-origin\" allowfullscreen><\/iframe><\/p>\n<ul class=\"list-group\">\n<li class=\"list-group-item list-group-item-success\">\n<h3>Claves de un aerogenerador<\/h3>\n<ul>\n<li>Tecnolog\u00eda consolidada, con numerosos proyectos de gran escala en Chile.<\/li>\n<li>Existen tambi\u00e9n proyectos de peque\u00f1a escala.<\/li>\n<li>Es necesario conocer las caracter\u00edsticas del viento en la zona de emplazamiento (velocidad, variabilidad, turbulencia).<\/li>\n<\/ul>\n<\/li>\n<\/ul>\n<\/div>\n<\/div>\n<p><!-- Separaci\u00f3n!!! --><\/p>\n<div class=\"row\">\n<div class=\"col-md-8 col-md-offset-2\">\n<ul class=\"list-group\">\n<li class=\"list-group-item list-group-item-info\">\n<h3>Aplicaciones<\/h3>\n<ul class=\"list-group\">\n<li>Autoconsumo de energ\u00eda el\u00e9ctrica para iluminaci\u00f3n, climatizaci\u00f3n, entre otros.<\/li>\n<li>Energ\u00eda mec\u00e1nica en uso directo (bombeo de agua, molinos).<\/li>\n<li>Dar acceso a electricidad en zonas aisladas (sin red el\u00e9ctrica).<\/li>\n<li>Posibilidad de vender los excedentes de electricidad generada a la red de distribuci\u00f3n.<\/li>\n<\/ul>\n<\/li>\n<\/ul>\n<\/div>\n<\/div>\n<p>La energ\u00eda e\u00f3lica es una fuente de energ\u00eda renovable que utiliza la energ\u00eda cin\u00e9tica de las masas de aire que se desplazan para hacer girar las aspas de una turbina e\u00f3lica o aerogenerador, permitiendo que la energ\u00eda mec\u00e1nica se transforme en electricidad mediante un generador.<\/p>\n<p>La energ\u00eda e\u00f3lica puede ser aprovechada en parques e\u00f3licos para la generaci\u00f3n de energ\u00eda el\u00e9ctrica e inyecci\u00f3n al sistema el\u00e9ctrico, as\u00ed como tambi\u00e9n puede ser aprovechada de forma individual para autoconsumo, inyectando excedentes a la red, o en sistemas aislados.<\/p>\n<p><img loading=\"lazy\" decoding=\"async\" class=\"alignnone wp-image-893\" src=\"https:\/\/autoconsumo.minenergia.cl\/wp-content\/uploads\/2017\/10\/Sistema-de-generacion-para-electrificacion-en-Islas-Desertores.png\" alt=\"\" width=\"411\" height=\"318\" srcset=\"https:\/\/autoconsumo.minenergia.cl\/wp-content\/uploads\/2017\/10\/Sistema-de-generacion-para-electrificacion-en-Islas-Desertores.png 625w, https:\/\/autoconsumo.minenergia.cl\/wp-content\/uploads\/2017\/10\/Sistema-de-generacion-para-electrificacion-en-Islas-Desertores-300x232.png 300w\" sizes=\"auto, (max-width: 411px) 100vw, 411px\" \/><br \/>\n<span style=\"font-size: 10pt;\"><strong>Imagen: Sistema de generaci\u00f3n para electrificaci\u00f3n en Islas Desertores.<br \/>\nFuente: Divisi\u00f3n de Acceso y Equidad Energ\u00e9tica, Ministerio de Energ\u00eda.<\/strong><\/span><\/p>\n<p>Los parques e\u00f3licos se han consolidado en el mercado el\u00e9ctrico chileno, alcanzado madurez y competitividad. Existe un mercado maduro con variados proveedores y desarrolladores de proyectos.\u00a0 Adem\u00e1s de los parques e\u00f3licos conectados a la red, existe un creciente n\u00famero de aerogeneradores de peque\u00f1a escala instalados en sistemas aislados y tambi\u00e9n aero bombas que llevan d\u00e9cadas funcionando en diferentes zonas del pa\u00eds.<\/p>\n<p>En el caso de sistemas aislados (off grid), las turbinas e\u00f3licas proveen energ\u00eda aut\u00f3nomamente, como por ejemplo el autoconsumo de un hogar sin conexi\u00f3n a un sistema el\u00e9ctrico o bien pueden \u00a0ser parte de sistemas aislados h\u00edbridos, los que utilizan m\u00e1s de una tecnolog\u00eda para abastecer el consumo.<\/p>\n<p><img loading=\"lazy\" decoding=\"async\" class=\"alignnone size-full wp-image-894\" src=\"https:\/\/autoconsumo.minenergia.cl\/wp-content\/uploads\/2017\/10\/Sistema-conectado-a-la-red.png\" alt=\"\" width=\"559\" height=\"293\" srcset=\"https:\/\/autoconsumo.minenergia.cl\/wp-content\/uploads\/2017\/10\/Sistema-conectado-a-la-red.png 559w, https:\/\/autoconsumo.minenergia.cl\/wp-content\/uploads\/2017\/10\/Sistema-conectado-a-la-red-300x157.png 300w\" sizes=\"auto, (max-width: 559px) 100vw, 559px\" \/><br \/>\n<span style=\"font-size: 10pt;\"><strong>Figura: Sistema conectado a la red.<br \/>\n<\/strong><strong>Fuente: Modificado desde \u00a0Wind Exchange, U.S. Department of Energy.\u00a0<a href=\"https:\/\/windexchange.energy.gov\/small-wind-guidebook\">Small Wind Guidebook.<\/a><\/strong><\/span><\/p>\n<p><img loading=\"lazy\" decoding=\"async\" class=\"alignnone size-full wp-image-895\" src=\"https:\/\/autoconsumo.minenergia.cl\/wp-content\/uploads\/2017\/10\/Sistema-hibrido-aislado.png\" alt=\"\" width=\"549\" height=\"362\" srcset=\"https:\/\/autoconsumo.minenergia.cl\/wp-content\/uploads\/2017\/10\/Sistema-hibrido-aislado.png 549w, https:\/\/autoconsumo.minenergia.cl\/wp-content\/uploads\/2017\/10\/Sistema-hibrido-aislado-300x198.png 300w, https:\/\/autoconsumo.minenergia.cl\/wp-content\/uploads\/2017\/10\/Sistema-hibrido-aislado-320x210.png 320w\" sizes=\"auto, (max-width: 549px) 100vw, 549px\" \/><br \/>\n<span style=\"font-size: 10pt;\"><strong>Figura: Sistema h\u00edbrido aislado.<br \/>\n<\/strong><strong>Fuente: Modificado desde Wind Exchange, U.S. Department of Energy.\u00a0<a href=\"https:\/\/windexchange.energy.gov\/small-wind-guidebook\">Small Wind Guidebook.<\/a><\/strong><\/span><\/p>\n<p>Desde la antig\u00fcedad se ha aprovechado la energ\u00eda e\u00f3lica directamente como\u00a0 energ\u00eda mec\u00e1nica en sistemas como bombeo de aguas subterr\u00e1neas. En Chile, por ejemplo se ha utilizado bombeo de aguas en las salitreras y molienda de mineral, y para bombeo de agua y molienda de granos.<\/p>\n<p>En Villa Alemana, regi\u00f3n de Valpara\u00edso, se lleg\u00f3 a tener 330 molinos previos a la llegada del agua potable a la zona (m\u00e1s informaci\u00f3n <a href=\"http:\/\/www.plataformaurbana.cl\/archive\/2016\/02\/14\/buscan-preservar-los-caracteristicos-molinos-de-viento-de-villa-alemana\/\">aqu\u00ed<\/a>). Si bien actualmente existe comercializaci\u00f3n de estos equipos, han sido desplazados por el bombeo el\u00e9ctrico y motobombas.<\/p>\n<p><img loading=\"lazy\" decoding=\"async\" class=\"alignnone wp-image-897\" src=\"https:\/\/autoconsumo.minenergia.cl\/wp-content\/uploads\/2017\/10\/Molino-de-viento-para-bombeo-de-agua-en-Villa-Alemana-1.jpg\" alt=\"\" width=\"341\" height=\"366\" srcset=\"https:\/\/autoconsumo.minenergia.cl\/wp-content\/uploads\/2017\/10\/Molino-de-viento-para-bombeo-de-agua-en-Villa-Alemana-1.jpg 481w, https:\/\/autoconsumo.minenergia.cl\/wp-content\/uploads\/2017\/10\/Molino-de-viento-para-bombeo-de-agua-en-Villa-Alemana-1-280x300.jpg 280w\" sizes=\"auto, (max-width: 341px) 100vw, 341px\" \/><br \/>\n<span style=\"font-size: 10pt;\"><strong>Imagen: Molino de viento para bombeo de agua en Villa Alemana.<br \/>\n<\/strong><strong>Fuente: <a href=\"http:\/\/www.soychile.cl\/Valparaiso\/Sociedad\/2016\/02\/02\/373379\/Molinos-de-viento-de-Villa-Alemana-busca-reconocimiento-como-monumento-nacional.aspx\">Soy Chile<\/a><\/strong><\/span><\/p>\n","protected":false},"excerpt":{"rendered":"<p>Claves de un aerogenerador Tecnolog\u00eda consolidada, con numerosos proyectos de gran escala en Chile. Existen tambi\u00e9n proyectos de peque\u00f1a escala. Es necesario conocer las caracter\u00edsticas del viento en la zona de emplazamiento (velocidad, variabilidad, turbulencia). Aplicaciones Autoconsumo de energ\u00eda el\u00e9ctrica para iluminaci\u00f3n, climatizaci\u00f3n, entre otros. Energ\u00eda mec\u00e1nica en uso directo (bombeo de agua, molinos). Dar [&hellip;]<\/p>\n","protected":false},"author":3,"featured_media":0,"parent":72,"menu_order":0,"comment_status":"closed","ping_status":"closed","template":"","meta":{"footnotes":""},"class_list":["post-892","page","type-page","status-publish","hentry"],"_links":{"self":[{"href":"https:\/\/autoconsumo.minenergia.cl\/index.php?rest_route=\/wp\/v2\/pages\/892","targetHints":{"allow":["GET"]}}],"collection":[{"href":"https:\/\/autoconsumo.minenergia.cl\/index.php?rest_route=\/wp\/v2\/pages"}],"about":[{"href":"https:\/\/autoconsumo.minenergia.cl\/index.php?rest_route=\/wp\/v2\/types\/page"}],"author":[{"embeddable":true,"href":"https:\/\/autoconsumo.minenergia.cl\/index.php?rest_route=\/wp\/v2\/users\/3"}],"replies":[{"embeddable":true,"href":"https:\/\/autoconsumo.minenergia.cl\/index.php?rest_route=%2Fwp%2Fv2%2Fcomments&post=892"}],"version-history":[{"count":7,"href":"https:\/\/autoconsumo.minenergia.cl\/index.php?rest_route=\/wp\/v2\/pages\/892\/revisions"}],"predecessor-version":[{"id":1798,"href":"https:\/\/autoconsumo.minenergia.cl\/index.php?rest_route=\/wp\/v2\/pages\/892\/revisions\/1798"}],"up":[{"embeddable":true,"href":"https:\/\/autoconsumo.minenergia.cl\/index.php?rest_route=\/wp\/v2\/pages\/72"}],"wp:attachment":[{"href":"https:\/\/autoconsumo.minenergia.cl\/index.php?rest_route=%2Fwp%2Fv2%2Fmedia&parent=892"}],"curies":[{"name":"wp","href":"https:\/\/api.w.org\/{rel}","templated":true}]}}