{"id":934,"date":"2017-10-24T19:26:41","date_gmt":"2017-10-24T19:26:41","guid":{"rendered":"http:\/\/localhost\/autoconsumo\/?page_id=934"},"modified":"2018-01-24T15:54:58","modified_gmt":"2018-01-24T15:54:58","slug":"que-es-una-bomba-de-calor-geotermica","status":"publish","type":"page","link":"https:\/\/autoconsumo.minenergia.cl\/?page_id=934","title":{"rendered":"\u00bfQu\u00e9 es una bomba de calor geot\u00e9rmica?"},"content":{"rendered":"<p>Una bomba de calor geot\u00e9rmica es una m\u00e1quina que transfiere calor desde una fuente de menor temperatura a una fuente receptora de m\u00e1s temperatura, en donde una de estas fuentes es el suelo\u201d \u00a0(Lund,2001).<\/p>\n<p><span style=\"font-size: 14pt;\"><strong>\u00bfC\u00f3mo se ve?<\/strong><\/span><\/p>\n<p><img loading=\"lazy\" decoding=\"async\" class=\"alignnone wp-image-935\" src=\"https:\/\/autoconsumo.minenergia.cl\/wp-content\/uploads\/2017\/10\/51601-5514557.jpg\" alt=\"\" width=\"248\" height=\"332\" srcset=\"https:\/\/autoconsumo.minenergia.cl\/wp-content\/uploads\/2017\/10\/51601-5514557.jpg 445w, https:\/\/autoconsumo.minenergia.cl\/wp-content\/uploads\/2017\/10\/51601-5514557-224x300.jpg 224w\" sizes=\"auto, (max-width: 248px) 100vw, 248px\" \/><br \/>\n<span style=\"font-size: 10pt;\"><strong>Figura: Ejemplo de bomba de calor, Modelo ecoGEO b-basic.<br \/>\n]Fuente: <a href=\"http:\/\/www.voher.cl\" target=\"_blank\" rel=\"noopener noreferrer\">www.voher.cl.<\/a><\/strong><\/span><\/p>\n<p><span style=\"font-size: 14pt;\"><strong>\u00bfC\u00f3mo funciona?<\/strong><\/span><\/p>\n<p>Funciona con electricidad, entrega 4 unidades de energ\u00eda por unidad de electricidad consumida.<\/p>\n<p>Est\u00e1 dise\u00f1ada para extraer energ\u00eda aplicando el <strong>\u201cciclo termodin\u00e1mico de Carnot<\/strong>\u201d, por lo cual es conocida tambi\u00e9n como \u201cm\u00e1quina de Carnot\u201d e involucra 4 etapas reversibles en donde existen 2 procesos a igual temperatura y dos procesos que no intercambian energ\u00eda con el medio o aislados (adiab\u00e1ticos).<\/p>\n<p>Al ser reversibles estos procesos puede funcionar en:<\/p>\n<ul>\n<li>Modo calor: Extrae calor de la tierra y la entrega al lugar y\/o proceso.<\/li>\n<li>Modo fr\u00edo: Extrae calor del lugar y\/o proceso y la entrega a la tierra.<\/li>\n<\/ul>\n<p>&nbsp;<\/p>\n<p><span style=\"font-size: 14pt;\"><strong>\u00bf<\/strong><strong>Para qu\u00e9 sirve?<\/strong><\/span><\/p>\n<p>Una bomba de calor permite transferir calor desde la tierra a un lugar y\/o proceso, y con ella se puede lograr un incremento de +-60\u00b0C o una disminuci\u00f3n de 30\u00b0C en la temperatura<\/p>\n<p><span style=\"font-size: 14pt;\"><strong>Tipos de instalaci\u00f3n<\/strong><\/span><\/p>\n<p>Estos sistemas pueden ser instalados en configuraciones de circuitos abiertos o cerrados. Los circuitos abiertos tienen interacci\u00f3n con cuerpos de agua ya sea pozos o, estanques, etc., y el fluido que ayuda a la transferencia de calor es agua. En los circuitos cerrados el fluido circulante para la transferencia de calor \u00a0tiene una temperatura de congelaci\u00f3n m\u00e1s baja que el agua, para lo cual se emplean mezclas como etileno-glycol\/propileno glicol entre otros.<\/p>\n<p><img loading=\"lazy\" decoding=\"async\" class=\"alignnone size-full wp-image-936\" src=\"https:\/\/autoconsumo.minenergia.cl\/wp-content\/uploads\/2017\/10\/Bombas-de-calor-geotermicas-instaladas-como-sistemas-cerrados.jpg\" alt=\"\" width=\"727\" height=\"268\" srcset=\"https:\/\/autoconsumo.minenergia.cl\/wp-content\/uploads\/2017\/10\/Bombas-de-calor-geotermicas-instaladas-como-sistemas-cerrados.jpg 727w, https:\/\/autoconsumo.minenergia.cl\/wp-content\/uploads\/2017\/10\/Bombas-de-calor-geotermicas-instaladas-como-sistemas-cerrados-300x111.jpg 300w, https:\/\/autoconsumo.minenergia.cl\/wp-content\/uploads\/2017\/10\/Bombas-de-calor-geotermicas-instaladas-como-sistemas-cerrados-660x243.jpg 660w\" sizes=\"auto, (max-width: 727px) 100vw, 727px\" \/><br \/>\n<span style=\"font-size: 10pt;\"><strong>Figura: Bombas de calor geot\u00e9rmicas instaladas como sistemas cerrados. Algunas de las configuraciones m\u00e1s usadas en este tipo de sistemas.<br \/>\n<\/strong><\/span><span style=\"font-size: 10pt;\"><strong>Fuente: Geo-Heat Center, Oregon Institute of Technology<\/strong><\/span><\/p>\n<p><img loading=\"lazy\" decoding=\"async\" class=\"alignnone wp-image-937\" src=\"https:\/\/autoconsumo.minenergia.cl\/wp-content\/uploads\/2017\/10\/Bombas-de-calor-geotermicas-instaladas-como-sistemas-abierto.jpg\" alt=\"\" width=\"616\" height=\"271\" srcset=\"https:\/\/autoconsumo.minenergia.cl\/wp-content\/uploads\/2017\/10\/Bombas-de-calor-geotermicas-instaladas-como-sistemas-abierto.jpg 675w, https:\/\/autoconsumo.minenergia.cl\/wp-content\/uploads\/2017\/10\/Bombas-de-calor-geotermicas-instaladas-como-sistemas-abierto-300x132.jpg 300w, https:\/\/autoconsumo.minenergia.cl\/wp-content\/uploads\/2017\/10\/Bombas-de-calor-geotermicas-instaladas-como-sistemas-abierto-660x290.jpg 660w\" sizes=\"auto, (max-width: 616px) 100vw, 616px\" \/><br \/>\n<span style=\"font-size: 10pt;\"><strong>Figura: Bombas de calor geot\u00e9rmicas instaladas como sistemas abierto. Ejemplos de instalaciones en sistemas abiertos y su relaci\u00f3n con cuerpos o pozos de agua.<br \/>\n<\/strong><strong>Fuente: Geo-Heat Center, Oregon Institute of Technology.<\/strong><\/span><\/p>\n<p>&nbsp;<\/p>\n","protected":false},"excerpt":{"rendered":"<p>Una bomba de calor geot\u00e9rmica es una m\u00e1quina que transfiere calor desde una fuente de menor temperatura a una fuente receptora de m\u00e1s temperatura, en donde una de estas fuentes es el suelo\u201d \u00a0(Lund,2001). \u00bfC\u00f3mo se ve? Figura: Ejemplo de bomba de calor, Modelo ecoGEO b-basic. ]Fuente: www.voher.cl. \u00bfC\u00f3mo funciona? Funciona con electricidad, entrega 4 [&hellip;]<\/p>\n","protected":false},"author":3,"featured_media":0,"parent":922,"menu_order":0,"comment_status":"closed","ping_status":"closed","template":"","meta":{"footnotes":""},"class_list":["post-934","page","type-page","status-publish","hentry"],"_links":{"self":[{"href":"https:\/\/autoconsumo.minenergia.cl\/index.php?rest_route=\/wp\/v2\/pages\/934","targetHints":{"allow":["GET"]}}],"collection":[{"href":"https:\/\/autoconsumo.minenergia.cl\/index.php?rest_route=\/wp\/v2\/pages"}],"about":[{"href":"https:\/\/autoconsumo.minenergia.cl\/index.php?rest_route=\/wp\/v2\/types\/page"}],"author":[{"embeddable":true,"href":"https:\/\/autoconsumo.minenergia.cl\/index.php?rest_route=\/wp\/v2\/users\/3"}],"replies":[{"embeddable":true,"href":"https:\/\/autoconsumo.minenergia.cl\/index.php?rest_route=%2Fwp%2Fv2%2Fcomments&post=934"}],"version-history":[{"count":7,"href":"https:\/\/autoconsumo.minenergia.cl\/index.php?rest_route=\/wp\/v2\/pages\/934\/revisions"}],"predecessor-version":[{"id":1803,"href":"https:\/\/autoconsumo.minenergia.cl\/index.php?rest_route=\/wp\/v2\/pages\/934\/revisions\/1803"}],"up":[{"embeddable":true,"href":"https:\/\/autoconsumo.minenergia.cl\/index.php?rest_route=\/wp\/v2\/pages\/922"}],"wp:attachment":[{"href":"https:\/\/autoconsumo.minenergia.cl\/index.php?rest_route=%2Fwp%2Fv2%2Fmedia&parent=934"}],"curies":[{"name":"wp","href":"https:\/\/api.w.org\/{rel}","templated":true}]}}